{"id":55,"date":"2016-08-03T09:57:39","date_gmt":"2016-08-03T09:57:39","guid":{"rendered":"http:\/\/majim.spiegeler.de\/?page_id=55"},"modified":"2023-03-16T10:59:21","modified_gmt":"2023-03-16T10:59:21","slug":"good-news","status":"publish","type":"page","link":"https:\/\/spiegeler.de\/?page_id=55","title":{"rendered":"7. Weisheit zum Leben"},"content":{"rendered":"<p style=\"text-align: center;\"><strong>Eine gr\u00fcndliche Kenntnis der Bibel<br \/>\nist mehr wert als ein Universit\u00e4tsstudium.<br \/>\n<\/strong><\/p>\n<p class=\"autor-beschreibung\" style=\"text-align: center;\">Theodore Roosevelt<br \/>\n(1858 &#8211; 1919), 26. Pr\u00e4sident der Vereinigten Staaten von Amerika,<br \/>\nFriedensnobelpreis 1906<\/p>\n<p class=\"autor-beschreibung\" style=\"text-align: center;\">Bibelleseplan f\u00fcr 3 Jahre<\/p>\n<p class=\"autor-beschreibung\" style=\"text-align: center;\"><a href=\"http:\/\/majim.spiegeler.de\/wp-content\/uploads\/2016\/08\/Bibelleseplan-3-Jahre-4u.pdf\">Bibelleseplan 3 Jahre<\/a><\/p>\n<p><strong>&nbsp;<\/strong><\/p>\n","protected":false},"excerpt":{"rendered":"<p>Eine gr\u00fcndliche Kenntnis der Bibel ist mehr wert als ein Universit\u00e4tsstudium. Theodore Roosevelt (1858 &#8211; 1919), 26. Pr\u00e4sident der Vereinigten Staaten von Amerika, Friedensnobelpreis 1906 Bibelleseplan f\u00fcr 3 Jahre Bibelleseplan 3 Jahre &nbsp;<\/p>\n","protected":false},"author":1,"featured_media":314,"parent":0,"menu_order":0,"comment_status":"closed","ping_status":"closed","template":"","meta":{"footnotes":""},"class_list":["post-55","page","type-page","status-publish","has-post-thumbnail","hentry"],"_links":{"self":[{"href":"https:\/\/spiegeler.de\/index.php?rest_route=\/wp\/v2\/pages\/55","targetHints":{"allow":["GET"]}}],"collection":[{"href":"https:\/\/spiegeler.de\/index.php?rest_route=\/wp\/v2\/pages"}],"about":[{"href":"https:\/\/spiegeler.de\/index.php?rest_route=\/wp\/v2\/types\/page"}],"author":[{"embeddable":true,"href":"https:\/\/spiegeler.de\/index.php?rest_route=\/wp\/v2\/users\/1"}],"replies":[{"embeddable":true,"href":"https:\/\/spiegeler.de\/index.php?rest_route=%2Fwp%2Fv2%2Fcomments&post=55"}],"version-history":[{"count":14,"href":"https:\/\/spiegeler.de\/index.php?rest_route=\/wp\/v2\/pages\/55\/revisions"}],"predecessor-version":[{"id":519,"href":"https:\/\/spiegeler.de\/index.php?rest_route=\/wp\/v2\/pages\/55\/revisions\/519"}],"wp:featuredmedia":[{"embeddable":true,"href":"https:\/\/spiegeler.de\/index.php?rest_route=\/wp\/v2\/media\/314"}],"wp:attachment":[{"href":"https:\/\/spiegeler.de\/index.php?rest_route=%2Fwp%2Fv2%2Fmedia&parent=55"}],"curies":[{"name":"wp","href":"https:\/\/api.w.org\/{rel}","templated":true}]}}