{"id":513,"date":"2021-11-24T11:01:30","date_gmt":"2021-11-24T11:01:30","guid":{"rendered":"http:\/\/majim.spiegeler.de\/?page_id=513"},"modified":"2023-03-16T15:20:18","modified_gmt":"2023-03-16T15:20:18","slug":"pflanzliche-nahrung","status":"publish","type":"page","link":"https:\/\/spiegeler.de\/?page_id=513","title":{"rendered":"5. Pflanzliche Nahrung"},"content":{"rendered":"\n<p class=\"has-background\" style=\"background-color:#f7ecca\">\u00dcber das Thema &#8222;F\u00fcr welche Nahrung hat Gott unseren K\u00f6rper geschaffen?&#8220; kannst Du einen Vortrag auf dem You Tube Kanal der EFG-Mannheim sehen.<\/p>\n","protected":false},"excerpt":{"rendered":"<p>\u00dcber das Thema &#8222;F\u00fcr welche Nahrung hat Gott unseren K\u00f6rper geschaffen?&#8220; kannst Du einen Vortrag auf dem You Tube Kanal der EFG-Mannheim sehen.<\/p>\n","protected":false},"author":1,"featured_media":0,"parent":0,"menu_order":0,"comment_status":"closed","ping_status":"closed","template":"","meta":{"footnotes":""},"class_list":["post-513","page","type-page","status-publish","hentry"],"_links":{"self":[{"href":"https:\/\/spiegeler.de\/index.php?rest_route=\/wp\/v2\/pages\/513","targetHints":{"allow":["GET"]}}],"collection":[{"href":"https:\/\/spiegeler.de\/index.php?rest_route=\/wp\/v2\/pages"}],"about":[{"href":"https:\/\/spiegeler.de\/index.php?rest_route=\/wp\/v2\/types\/page"}],"author":[{"embeddable":true,"href":"https:\/\/spiegeler.de\/index.php?rest_route=\/wp\/v2\/users\/1"}],"replies":[{"embeddable":true,"href":"https:\/\/spiegeler.de\/index.php?rest_route=%2Fwp%2Fv2%2Fcomments&post=513"}],"version-history":[{"count":4,"href":"https:\/\/spiegeler.de\/index.php?rest_route=\/wp\/v2\/pages\/513\/revisions"}],"predecessor-version":[{"id":539,"href":"https:\/\/spiegeler.de\/index.php?rest_route=\/wp\/v2\/pages\/513\/revisions\/539"}],"wp:attachment":[{"href":"https:\/\/spiegeler.de\/index.php?rest_route=%2Fwp%2Fv2%2Fmedia&parent=513"}],"curies":[{"name":"wp","href":"https:\/\/api.w.org\/{rel}","templated":true}]}}